{"id":195,"date":"2022-01-06T00:07:26","date_gmt":"2022-01-06T00:07:26","guid":{"rendered":"https:\/\/conectou.com.br\/producao\/?page_id=195"},"modified":"2022-05-30T13:46:53","modified_gmt":"2022-05-30T16:46:53","slug":"quem-somos","status":"publish","type":"page","link":"https:\/\/coopercredunilever.com.br\/home\/quem-somos\/","title":{"rendered":"Quem somos"},"content":{"rendered":"\t\t<div data-elementor-type=\"wp-page\" data-elementor-id=\"195\" class=\"elementor elementor-195\">\n\t\t\t\t\t\t<section class=\"elementor-section elementor-top-section elementor-element elementor-element-665d386 elementor-section-height-min-height elementor-section-items-bottom elementor-section-boxed elementor-section-height-default\" data-id=\"665d386\" data-element_type=\"section\" data-settings=\"{&quot;background_background&quot;:&quot;classic&quot;}\">\n\t\t\t\t\t\t<div class=\"elementor-container elementor-column-gap-default\">\n\t\t\t\t\t<div class=\"elementor-column elementor-col-100 elementor-top-column elementor-element elementor-element-f2ebc34\" data-id=\"f2ebc34\" data-element_type=\"column\">\n\t\t\t<div class=\"elementor-widget-wrap elementor-element-populated\">\n\t\t\t\t\t\t<div class=\"elementor-element elementor-element-dfca230 elementor-widget elementor-widget-heading\" data-id=\"dfca230\" data-element_type=\"widget\" data-widget_type=\"heading.default\">\n\t\t\t\t<div class=\"elementor-widget-container\">\n\t\t\t\t\t<h2 class=\"elementor-heading-title elementor-size-default\">HIST\u00d3RIA DA COOPERCRED UNILEVER<\/h2>\t\t\t\t<\/div>\n\t\t\t\t<\/div>\n\t\t\t\t\t<\/div>\n\t\t<\/div>\n\t\t\t\t\t<\/div>\n\t\t<\/section>\n\t\t\t\t<section class=\"elementor-section elementor-top-section elementor-element elementor-element-8114e68 elementor-section-boxed elementor-section-height-default elementor-section-height-default\" data-id=\"8114e68\" data-element_type=\"section\">\n\t\t\t\t\t\t<div class=\"elementor-container elementor-column-gap-default\">\n\t\t\t\t\t<div class=\"elementor-column elementor-col-100 elementor-top-column elementor-element elementor-element-c3e7af7\" data-id=\"c3e7af7\" data-element_type=\"column\">\n\t\t\t<div class=\"elementor-widget-wrap elementor-element-populated\">\n\t\t\t\t\t\t<div class=\"elementor-element elementor-element-f255fd6 elementor-widget elementor-widget-text-editor\" data-id=\"f255fd6\" data-element_type=\"widget\" data-widget_type=\"text-editor.default\">\n\t\t\t\t<div class=\"elementor-widget-container\">\n\t\t\t\t\t\t\t\t\t<p class=\"p1\">Somos uma institui\u00e7\u00e3o de gest\u00e3o democr\u00e1tica, fundada em 15 de julho de 1977, sem fins lucrativos. Somos uma cooperativa de cr\u00e9dito que atende os empregados das ind\u00fastrias Unilever do Brasil, abrangendo todo o territ\u00f3rio nacional.<\/p><p class=\"p1\">A Coopercred Unilever &#8211; Cooperativa de Economia e Cr\u00e9dito M\u00fatuo dos Empregados das Ind\u00fastrias<span class=\"Apple-converted-space\">\u00a0 <\/span>Unilever do Brasil, \u00e9 uma institui\u00e7\u00e3o autorizada e fiscalizada pelo Banco Central do Brasil e integra o Sistema Financeiro Nacional.<span class=\"Apple-converted-space\">\u00a0<\/span><\/p><p class=\"p1\">A cooperativa \u00e9 mantida e administrada pelos pr\u00f3prios associados, com \u00e1rea de atua\u00e7\u00e3o em todo o territ\u00f3rio nacional.<\/p><h4 class=\"p1\"><b>Miss\u00e3o<span class=\"Apple-converted-space\">\u00a0<\/span><\/b><\/h4><p class=\"p1\">A principal miss\u00e3o da Coopercred Unilever \u00e9 entregar servi\u00e7os de qualidade, os melhores resultados aos nossos cooperados, contribuindo para a melhoria da qualidade de vida dos associados e da sociedade.<\/p><h4 class=\"p1\"><b>Vis\u00e3o<span class=\"Apple-converted-space\">\u00a0<\/span><\/b><\/h4><p class=\"p1\">Torna-se uma refer\u00eancia para os associados como uma institui\u00e7\u00e3o de melhor solu\u00e7\u00e3o econ\u00f4mica, financeira, crescimento pessoal, educa\u00e7\u00e3o financeira e pela pr\u00e1tica de cr\u00e9dito.<span class=\"Apple-converted-space\">\u00a0<\/span><\/p><h4 class=\"p1\"><b>Valores<\/b><\/h4><p class=\"p1\">A Coopercred Unilever \u00e9 uma institui\u00e7\u00e3o baseada na ajuda m\u00fatua, responsabilidade, democracia, igualdade, equidade e solidariedade.<span class=\"Apple-converted-space\">\u00a0<\/span><\/p><p class=\"p1\">Trabalha com valores \u00e9ticos de honestidade, transpar\u00eancia, responsabilidade social e preserva\u00e7\u00e3o do ambiente para o desenvolvimento sustentado.<\/p>\t\t\t\t\t\t\t\t<\/div>\n\t\t\t\t<\/div>\n\t\t\t\t\t<\/div>\n\t\t<\/div>\n\t\t\t\t\t<\/div>\n\t\t<\/section>\n\t\t\t\t<\/div>\n\t\t","protected":false},"excerpt":{"rendered":"<p>HIST\u00d3RIA DA COOPERCRED UNILEVER Somos uma institui\u00e7\u00e3o de gest\u00e3o democr\u00e1tica, fundada em 15 de julho de 1977, sem fins lucrativos. Somos uma cooperativa de cr\u00e9dito que atende os empregados das ind\u00fastrias Unilever do Brasil, abrangendo todo o territ\u00f3rio nacional. A Coopercred Unilever &#8211; Cooperativa de Economia e Cr\u00e9dito M\u00fatuo dos Empregados das Ind\u00fastrias\u00a0 Unilever do [&hellip;]<\/p>\n","protected":false},"author":1,"featured_media":0,"parent":0,"menu_order":0,"comment_status":"closed","ping_status":"closed","template":"","meta":{"footnotes":""},"class_list":["post-195","page","type-page","status-publish","hentry"],"_links":{"self":[{"href":"https:\/\/coopercredunilever.com.br\/home\/wp-json\/wp\/v2\/pages\/195","targetHints":{"allow":["GET"]}}],"collection":[{"href":"https:\/\/coopercredunilever.com.br\/home\/wp-json\/wp\/v2\/pages"}],"about":[{"href":"https:\/\/coopercredunilever.com.br\/home\/wp-json\/wp\/v2\/types\/page"}],"author":[{"embeddable":true,"href":"https:\/\/coopercredunilever.com.br\/home\/wp-json\/wp\/v2\/users\/1"}],"replies":[{"embeddable":true,"href":"https:\/\/coopercredunilever.com.br\/home\/wp-json\/wp\/v2\/comments?post=195"}],"version-history":[{"count":46,"href":"https:\/\/coopercredunilever.com.br\/home\/wp-json\/wp\/v2\/pages\/195\/revisions"}],"predecessor-version":[{"id":2165,"href":"https:\/\/coopercredunilever.com.br\/home\/wp-json\/wp\/v2\/pages\/195\/revisions\/2165"}],"wp:attachment":[{"href":"https:\/\/coopercredunilever.com.br\/home\/wp-json\/wp\/v2\/media?parent=195"}],"curies":[{"name":"wp","href":"https:\/\/api.w.org\/{rel}","templated":true}]}}