{"id":219,"date":"2022-01-06T00:31:56","date_gmt":"2022-01-06T00:31:56","guid":{"rendered":"https:\/\/conectou.com.br\/producao\/?page_id=219"},"modified":"2022-05-30T13:42:32","modified_gmt":"2022-05-30T16:42:32","slug":"estrutura-organizacional","status":"publish","type":"page","link":"https:\/\/coopercredunilever.com.br\/home\/estrutura-organizacional\/","title":{"rendered":"Estrutura organizacional"},"content":{"rendered":"\t\t<div data-elementor-type=\"wp-page\" data-elementor-id=\"219\" class=\"elementor elementor-219\">\n\t\t\t\t\t\t<section class=\"elementor-section elementor-top-section elementor-element elementor-element-665d386 elementor-section-height-min-height elementor-section-items-bottom elementor-section-boxed elementor-section-height-default\" data-id=\"665d386\" data-element_type=\"section\" data-settings=\"{&quot;background_background&quot;:&quot;classic&quot;}\">\n\t\t\t\t\t\t<div class=\"elementor-container elementor-column-gap-default\">\n\t\t\t\t\t<div class=\"elementor-column elementor-col-100 elementor-top-column elementor-element elementor-element-f2ebc34\" data-id=\"f2ebc34\" data-element_type=\"column\">\n\t\t\t<div class=\"elementor-widget-wrap elementor-element-populated\">\n\t\t\t\t\t\t<div class=\"elementor-element elementor-element-dfca230 elementor-widget elementor-widget-heading\" data-id=\"dfca230\" data-element_type=\"widget\" data-widget_type=\"heading.default\">\n\t\t\t\t<div class=\"elementor-widget-container\">\n\t\t\t\t\t<h2 class=\"elementor-heading-title elementor-size-default\">Estrutura organizacional <\/h2>\t\t\t\t<\/div>\n\t\t\t\t<\/div>\n\t\t\t\t\t<\/div>\n\t\t<\/div>\n\t\t\t\t\t<\/div>\n\t\t<\/section>\n\t\t\t\t<section class=\"elementor-section elementor-top-section elementor-element elementor-element-8114e68 elementor-section-boxed elementor-section-height-default elementor-section-height-default\" data-id=\"8114e68\" data-element_type=\"section\">\n\t\t\t\t\t\t<div class=\"elementor-container elementor-column-gap-default\">\n\t\t\t\t\t<div class=\"elementor-column elementor-col-100 elementor-top-column elementor-element elementor-element-c3e7af7\" data-id=\"c3e7af7\" data-element_type=\"column\">\n\t\t\t<div class=\"elementor-widget-wrap elementor-element-populated\">\n\t\t\t\t\t\t<div class=\"elementor-element elementor-element-f255fd6 elementor-widget elementor-widget-text-editor\" data-id=\"f255fd6\" data-element_type=\"widget\" data-widget_type=\"text-editor.default\">\n\t\t\t\t<div class=\"elementor-widget-container\">\n\t\t\t\t\t\t\t\t\t<p class=\"p1\">A Coopercred Unilever \u00e9 composta por uma Diretoria, \u00f3rg\u00e3o respons\u00e1vel pela administra\u00e7\u00e3o da institui\u00e7\u00e3o e execu\u00e7\u00e3o de diretrizes de neg\u00f3cio estabelecidas por partes administrativas e conselhos da cooperativa.<\/p><p class=\"p1\">Na assembleia geral s\u00e3o realizadas elei\u00e7\u00f5es para os cargos de dire\u00e7\u00e3o, administrativos e conselho da institui\u00e7\u00e3o.<span class=\"Apple-converted-space\">\u00a0<\/span><\/p><p class=\"p1\">Cabe \u00e0 Diretoria a administra\u00e7\u00e3o e a gest\u00e3o dos neg\u00f3cios da cooperativa, podendo realizar opera\u00e7\u00f5es, praticar atos relacionados ao objeto da sociedade e deliberar, em reuni\u00e3o colegiada<\/p>\t\t\t\t\t\t\t\t<\/div>\n\t\t\t\t<\/div>\n\t\t\t\t<div class=\"elementor-element elementor-element-5134192 elementor-align-center elementor-widget elementor-widget-button\" data-id=\"5134192\" data-element_type=\"widget\" data-widget_type=\"button.default\">\n\t\t\t\t<div class=\"elementor-widget-container\">\n\t\t\t\t\t\t\t\t\t<div class=\"elementor-button-wrapper\">\n\t\t\t\t\t<a class=\"elementor-button elementor-button-link elementor-size-lg\" href=\"https:\/\/coopercredunilever.com.br\/home\/wp-content\/uploads\/2022\/03\/organograma_coopercred-v3.png\" target=\"_blank\">\n\t\t\t\t\t\t<span class=\"elementor-button-content-wrapper\">\n\t\t\t\t\t\t\t\t\t<span class=\"elementor-button-text\">Organograma<\/span>\n\t\t\t\t\t<\/span>\n\t\t\t\t\t<\/a>\n\t\t\t\t<\/div>\n\t\t\t\t\t\t\t\t<\/div>\n\t\t\t\t<\/div>\n\t\t\t\t\t<\/div>\n\t\t<\/div>\n\t\t\t\t\t<\/div>\n\t\t<\/section>\n\t\t\t\t<\/div>\n\t\t","protected":false},"excerpt":{"rendered":"<p>Estrutura organizacional A Coopercred Unilever \u00e9 composta por uma Diretoria, \u00f3rg\u00e3o respons\u00e1vel pela administra\u00e7\u00e3o da institui\u00e7\u00e3o e execu\u00e7\u00e3o de diretrizes de neg\u00f3cio estabelecidas por partes administrativas e conselhos da cooperativa. Na assembleia geral s\u00e3o realizadas elei\u00e7\u00f5es para os cargos de dire\u00e7\u00e3o, administrativos e conselho da institui\u00e7\u00e3o.\u00a0 Cabe \u00e0 Diretoria a administra\u00e7\u00e3o e a gest\u00e3o dos [&hellip;]<\/p>\n","protected":false},"author":1,"featured_media":0,"parent":0,"menu_order":0,"comment_status":"closed","ping_status":"closed","template":"elementor_header_footer","meta":{"footnotes":""},"class_list":["post-219","page","type-page","status-publish","hentry"],"_links":{"self":[{"href":"https:\/\/coopercredunilever.com.br\/home\/wp-json\/wp\/v2\/pages\/219","targetHints":{"allow":["GET"]}}],"collection":[{"href":"https:\/\/coopercredunilever.com.br\/home\/wp-json\/wp\/v2\/pages"}],"about":[{"href":"https:\/\/coopercredunilever.com.br\/home\/wp-json\/wp\/v2\/types\/page"}],"author":[{"embeddable":true,"href":"https:\/\/coopercredunilever.com.br\/home\/wp-json\/wp\/v2\/users\/1"}],"replies":[{"embeddable":true,"href":"https:\/\/coopercredunilever.com.br\/home\/wp-json\/wp\/v2\/comments?post=219"}],"version-history":[{"count":27,"href":"https:\/\/coopercredunilever.com.br\/home\/wp-json\/wp\/v2\/pages\/219\/revisions"}],"predecessor-version":[{"id":2149,"href":"https:\/\/coopercredunilever.com.br\/home\/wp-json\/wp\/v2\/pages\/219\/revisions\/2149"}],"wp:attachment":[{"href":"https:\/\/coopercredunilever.com.br\/home\/wp-json\/wp\/v2\/media?parent=219"}],"curies":[{"name":"wp","href":"https:\/\/api.w.org\/{rel}","templated":true}]}}