{"id":621,"date":"2022-01-14T19:33:27","date_gmt":"2022-01-14T19:33:27","guid":{"rendered":"https:\/\/conectou.com.br\/producao\/?page_id=621"},"modified":"2022-05-30T13:40:21","modified_gmt":"2022-05-30T16:40:21","slug":"linhas-de-credito","status":"publish","type":"page","link":"https:\/\/coopercredunilever.com.br\/home\/linhas-de-credito\/","title":{"rendered":"Linhas de Cr\u00e9dito"},"content":{"rendered":"\t\t<div data-elementor-type=\"wp-page\" data-elementor-id=\"621\" class=\"elementor elementor-621\">\n\t\t\t\t\t\t<section class=\"elementor-section elementor-top-section elementor-element elementor-element-665d386 elementor-section-height-min-height elementor-section-items-bottom elementor-section-boxed elementor-section-height-default\" data-id=\"665d386\" data-element_type=\"section\" data-settings=\"{&quot;background_background&quot;:&quot;classic&quot;}\">\n\t\t\t\t\t\t<div class=\"elementor-container elementor-column-gap-default\">\n\t\t\t\t\t<div class=\"elementor-column elementor-col-100 elementor-top-column elementor-element elementor-element-f2ebc34\" data-id=\"f2ebc34\" data-element_type=\"column\">\n\t\t\t<div class=\"elementor-widget-wrap elementor-element-populated\">\n\t\t\t\t\t\t\t<\/div>\n\t\t<\/div>\n\t\t\t\t\t<\/div>\n\t\t<\/section>\n\t\t\t\t<section class=\"elementor-section elementor-top-section elementor-element elementor-element-8114e68 elementor-section-boxed elementor-section-height-default elementor-section-height-default\" data-id=\"8114e68\" data-element_type=\"section\">\n\t\t\t\t\t\t<div class=\"elementor-container elementor-column-gap-default\">\n\t\t\t\t\t<div class=\"elementor-column elementor-col-100 elementor-top-column elementor-element elementor-element-c3e7af7\" data-id=\"c3e7af7\" data-element_type=\"column\">\n\t\t\t<div class=\"elementor-widget-wrap elementor-element-populated\">\n\t\t\t\t\t\t<div class=\"elementor-element elementor-element-f255fd6 elementor-widget elementor-widget-text-editor\" data-id=\"f255fd6\" data-element_type=\"widget\" data-widget_type=\"text-editor.default\">\n\t\t\t\t<div class=\"elementor-widget-container\">\n\t\t\t\t\t\t\t\t\t<p class=\"p1\">A Coopercred Unilever disponibiliza linhas de cr\u00e9dito sob medida para seus associados utilizarem como quiser!<\/p><p class=\"p1\">Conhe\u00e7a as op\u00e7\u00f5es e escolha a modalidade de cr\u00e9dito que mais combina com voc\u00ea.<\/p>\t\t\t\t\t\t\t\t<\/div>\n\t\t\t\t<\/div>\n\t\t\t\t\t<\/div>\n\t\t<\/div>\n\t\t\t\t\t<\/div>\n\t\t<\/section>\n\t\t\t\t<section class=\"elementor-section elementor-top-section elementor-element elementor-element-118f09c elementor-section-boxed elementor-section-height-default elementor-section-height-default\" data-id=\"118f09c\" data-element_type=\"section\">\n\t\t\t\t\t\t<div class=\"elementor-container elementor-column-gap-default\">\n\t\t\t\t\t<div class=\"elementor-column elementor-col-25 elementor-top-column elementor-element elementor-element-a6ab523\" data-id=\"a6ab523\" data-element_type=\"column\">\n\t\t\t<div class=\"elementor-widget-wrap elementor-element-populated\">\n\t\t\t\t\t\t<div class=\"elementor-element elementor-element-ade1cfd elementor-widget elementor-widget-image\" data-id=\"ade1cfd\" data-element_type=\"widget\" data-widget_type=\"image.default\">\n\t\t\t\t<div class=\"elementor-widget-container\">\n\t\t\t\t\t\t\t\t\t\t\t\t\t\t\t\t<a href=\"https:\/\/coopercredunilever.com.br\/\/producao\/linha-credito-normal\/\" target=\"_blank\">\n\t\t\t\t\t\t\t<img fetchpriority=\"high\" decoding=\"async\" width=\"441\" height=\"486\" src=\"https:\/\/coopercredunilever.com.br\/home\/wp-content\/uploads\/2022\/03\/Linha_de_credito_Normal.png\" class=\"attachment-large size-large wp-image-1573\" alt=\"\" srcset=\"https:\/\/coopercredunilever.com.br\/home\/wp-content\/uploads\/2022\/03\/Linha_de_credito_Normal.png 441w, https:\/\/coopercredunilever.com.br\/home\/wp-content\/uploads\/2022\/03\/Linha_de_credito_Normal-272x300.png 272w\" sizes=\"(max-width: 441px) 100vw, 441px\" \/>\t\t\t\t\t\t\t\t<\/a>\n\t\t\t\t\t\t\t\t\t\t\t\t\t\t\t<\/div>\n\t\t\t\t<\/div>\n\t\t\t\t\t<\/div>\n\t\t<\/div>\n\t\t\t\t<div class=\"elementor-column elementor-col-25 elementor-top-column elementor-element elementor-element-618ea7a\" data-id=\"618ea7a\" data-element_type=\"column\">\n\t\t\t<div class=\"elementor-widget-wrap elementor-element-populated\">\n\t\t\t\t\t\t<div class=\"elementor-element elementor-element-e8aaa46 elementor-widget elementor-widget-image\" data-id=\"e8aaa46\" data-element_type=\"widget\" data-widget_type=\"image.default\">\n\t\t\t\t<div class=\"elementor-widget-container\">\n\t\t\t\t\t\t\t\t\t\t\t\t\t\t\t\t<a href=\"https:\/\/coopercredunilever.com.br\/\/producao\/linha-de-credito-fidelidade\/\" target=\"_blank\">\n\t\t\t\t\t\t\t<img decoding=\"async\" width=\"441\" height=\"486\" src=\"https:\/\/coopercredunilever.com.br\/home\/wp-content\/uploads\/2022\/03\/Linha_de_credito_Fidelidade.png\" class=\"attachment-large size-large wp-image-1574\" alt=\"\" srcset=\"https:\/\/coopercredunilever.com.br\/home\/wp-content\/uploads\/2022\/03\/Linha_de_credito_Fidelidade.png 441w, https:\/\/coopercredunilever.com.br\/home\/wp-content\/uploads\/2022\/03\/Linha_de_credito_Fidelidade-272x300.png 272w\" sizes=\"(max-width: 441px) 100vw, 441px\" \/>\t\t\t\t\t\t\t\t<\/a>\n\t\t\t\t\t\t\t\t\t\t\t\t\t\t\t<\/div>\n\t\t\t\t<\/div>\n\t\t\t\t\t<\/div>\n\t\t<\/div>\n\t\t\t\t<div class=\"elementor-column elementor-col-25 elementor-top-column elementor-element elementor-element-2059c5c\" data-id=\"2059c5c\" data-element_type=\"column\">\n\t\t\t<div class=\"elementor-widget-wrap elementor-element-populated\">\n\t\t\t\t\t\t<div class=\"elementor-element elementor-element-e8537d9 elementor-widget elementor-widget-image\" data-id=\"e8537d9\" data-element_type=\"widget\" data-widget_type=\"image.default\">\n\t\t\t\t<div class=\"elementor-widget-container\">\n\t\t\t\t\t\t\t\t\t\t\t\t\t\t\t\t<a href=\"https:\/\/coopercredunilever.com.br\/\/producao\/linha-de-credito-emergencial\/\" target=\"_blank\">\n\t\t\t\t\t\t\t<img decoding=\"async\" width=\"441\" height=\"486\" src=\"https:\/\/coopercredunilever.com.br\/home\/wp-content\/uploads\/2022\/03\/Linha_de_credito_Emergencial.png\" class=\"attachment-large size-large wp-image-1575\" alt=\"\" srcset=\"https:\/\/coopercredunilever.com.br\/home\/wp-content\/uploads\/2022\/03\/Linha_de_credito_Emergencial.png 441w, https:\/\/coopercredunilever.com.br\/home\/wp-content\/uploads\/2022\/03\/Linha_de_credito_Emergencial-272x300.png 272w\" sizes=\"(max-width: 441px) 100vw, 441px\" \/>\t\t\t\t\t\t\t\t<\/a>\n\t\t\t\t\t\t\t\t\t\t\t\t\t\t\t<\/div>\n\t\t\t\t<\/div>\n\t\t\t\t\t<\/div>\n\t\t<\/div>\n\t\t\t\t<div class=\"elementor-column elementor-col-25 elementor-top-column elementor-element elementor-element-44cc2e0\" data-id=\"44cc2e0\" data-element_type=\"column\">\n\t\t\t<div class=\"elementor-widget-wrap elementor-element-populated\">\n\t\t\t\t\t\t<div class=\"elementor-element elementor-element-5ce0a49 elementor-widget elementor-widget-image\" data-id=\"5ce0a49\" data-element_type=\"widget\" data-widget_type=\"image.default\">\n\t\t\t\t<div class=\"elementor-widget-container\">\n\t\t\t\t\t\t\t\t\t\t\t\t\t\t\t\t<a href=\"https:\/\/coopercredunilever.com.br\/\/producao\/linha-de-credito-funcionarios-coopercred\/\" target=\"_blank\">\n\t\t\t\t\t\t\t<img loading=\"lazy\" decoding=\"async\" width=\"441\" height=\"486\" src=\"https:\/\/coopercredunilever.com.br\/home\/wp-content\/uploads\/2022\/03\/Linha_de_credito_Funcionarios_Coopercred.png\" class=\"attachment-large size-large wp-image-1576\" alt=\"\" srcset=\"https:\/\/coopercredunilever.com.br\/home\/wp-content\/uploads\/2022\/03\/Linha_de_credito_Funcionarios_Coopercred.png 441w, https:\/\/coopercredunilever.com.br\/home\/wp-content\/uploads\/2022\/03\/Linha_de_credito_Funcionarios_Coopercred-272x300.png 272w\" sizes=\"(max-width: 441px) 100vw, 441px\" \/>\t\t\t\t\t\t\t\t<\/a>\n\t\t\t\t\t\t\t\t\t\t\t\t\t\t\t<\/div>\n\t\t\t\t<\/div>\n\t\t\t\t\t<\/div>\n\t\t<\/div>\n\t\t\t\t\t<\/div>\n\t\t<\/section>\n\t\t\t\t<section class=\"elementor-section elementor-top-section elementor-element elementor-element-6bbb32e elementor-section-boxed elementor-section-height-default elementor-section-height-default\" data-id=\"6bbb32e\" data-element_type=\"section\">\n\t\t\t\t\t\t<div class=\"elementor-container elementor-column-gap-default\">\n\t\t\t\t\t<div class=\"elementor-column elementor-col-25 elementor-top-column elementor-element elementor-element-89b29e5\" data-id=\"89b29e5\" data-element_type=\"column\">\n\t\t\t<div class=\"elementor-widget-wrap elementor-element-populated\">\n\t\t\t\t\t\t<div class=\"elementor-element elementor-element-a47f548 elementor-widget elementor-widget-image\" data-id=\"a47f548\" data-element_type=\"widget\" data-widget_type=\"image.default\">\n\t\t\t\t<div class=\"elementor-widget-container\">\n\t\t\t\t\t\t\t\t\t\t\t\t\t\t\t\t<a href=\"https:\/\/coopercredunilever.com.br\/\/producao\/linha-de-credito-inicial\/\" target=\"_blank\">\n\t\t\t\t\t\t\t<img loading=\"lazy\" decoding=\"async\" width=\"441\" height=\"486\" src=\"https:\/\/coopercredunilever.com.br\/home\/wp-content\/uploads\/2022\/03\/Linha_de_credito_Inicial.png\" class=\"attachment-large size-large wp-image-1577\" alt=\"\" srcset=\"https:\/\/coopercredunilever.com.br\/home\/wp-content\/uploads\/2022\/03\/Linha_de_credito_Inicial.png 441w, https:\/\/coopercredunilever.com.br\/home\/wp-content\/uploads\/2022\/03\/Linha_de_credito_Inicial-272x300.png 272w\" sizes=\"(max-width: 441px) 100vw, 441px\" \/>\t\t\t\t\t\t\t\t<\/a>\n\t\t\t\t\t\t\t\t\t\t\t\t\t\t\t<\/div>\n\t\t\t\t<\/div>\n\t\t\t\t\t<\/div>\n\t\t<\/div>\n\t\t\t\t<div class=\"elementor-column elementor-col-25 elementor-top-column elementor-element elementor-element-a14b791\" data-id=\"a14b791\" data-element_type=\"column\">\n\t\t\t<div class=\"elementor-widget-wrap elementor-element-populated\">\n\t\t\t\t\t\t<div class=\"elementor-element elementor-element-ff22e5f elementor-widget elementor-widget-image\" data-id=\"ff22e5f\" data-element_type=\"widget\" data-widget_type=\"image.default\">\n\t\t\t\t<div class=\"elementor-widget-container\">\n\t\t\t\t\t\t\t\t\t\t\t\t\t\t\t\t<a href=\"https:\/\/coopercredunilever.com.br\/\/producao\/linha-de-credito-fidelidade-master\/\" target=\"_blank\">\n\t\t\t\t\t\t\t<img loading=\"lazy\" decoding=\"async\" width=\"441\" height=\"486\" src=\"https:\/\/coopercredunilever.com.br\/home\/wp-content\/uploads\/2022\/03\/Linha_de_credito_Fidelidade_Master.png\" class=\"attachment-large size-large wp-image-1578\" alt=\"\" srcset=\"https:\/\/coopercredunilever.com.br\/home\/wp-content\/uploads\/2022\/03\/Linha_de_credito_Fidelidade_Master.png 441w, https:\/\/coopercredunilever.com.br\/home\/wp-content\/uploads\/2022\/03\/Linha_de_credito_Fidelidade_Master-272x300.png 272w\" sizes=\"(max-width: 441px) 100vw, 441px\" \/>\t\t\t\t\t\t\t\t<\/a>\n\t\t\t\t\t\t\t\t\t\t\t\t\t\t\t<\/div>\n\t\t\t\t<\/div>\n\t\t\t\t\t<\/div>\n\t\t<\/div>\n\t\t\t\t<div class=\"elementor-column elementor-col-25 elementor-top-column elementor-element elementor-element-dbc2f90\" data-id=\"dbc2f90\" data-element_type=\"column\">\n\t\t\t<div class=\"elementor-widget-wrap elementor-element-populated\">\n\t\t\t\t\t\t<div class=\"elementor-element elementor-element-c678bfc elementor-widget elementor-widget-image\" data-id=\"c678bfc\" data-element_type=\"widget\" data-widget_type=\"image.default\">\n\t\t\t\t<div class=\"elementor-widget-container\">\n\t\t\t\t\t\t\t\t\t\t\t\t\t\t\t\t<a href=\"https:\/\/coopercredunilever.com.br\/\/producao\/linha-de-credito-aniversario\/\" target=\"_blank\">\n\t\t\t\t\t\t\t<img loading=\"lazy\" decoding=\"async\" width=\"441\" height=\"486\" src=\"https:\/\/coopercredunilever.com.br\/home\/wp-content\/uploads\/2022\/03\/Linha_de_credito_Aniversario.png\" class=\"attachment-large size-large wp-image-1579\" alt=\"\" srcset=\"https:\/\/coopercredunilever.com.br\/home\/wp-content\/uploads\/2022\/03\/Linha_de_credito_Aniversario.png 441w, https:\/\/coopercredunilever.com.br\/home\/wp-content\/uploads\/2022\/03\/Linha_de_credito_Aniversario-272x300.png 272w\" sizes=\"(max-width: 441px) 100vw, 441px\" \/>\t\t\t\t\t\t\t\t<\/a>\n\t\t\t\t\t\t\t\t\t\t\t\t\t\t\t<\/div>\n\t\t\t\t<\/div>\n\t\t\t\t\t<\/div>\n\t\t<\/div>\n\t\t\t\t<div class=\"elementor-column elementor-col-25 elementor-top-column elementor-element elementor-element-63d3ecf\" data-id=\"63d3ecf\" data-element_type=\"column\">\n\t\t\t<div class=\"elementor-widget-wrap elementor-element-populated\">\n\t\t\t\t\t\t<div class=\"elementor-element elementor-element-d3b1d4e elementor-widget elementor-widget-image\" data-id=\"d3b1d4e\" data-element_type=\"widget\" data-widget_type=\"image.default\">\n\t\t\t\t<div class=\"elementor-widget-container\">\n\t\t\t\t\t\t\t\t\t\t\t\t\t\t\t\t<a href=\"https:\/\/coopercredunilever.com.br\/\/producao\/linha-de-credito-apresente-um-socio\/\" target=\"_blank\">\n\t\t\t\t\t\t\t<img loading=\"lazy\" decoding=\"async\" width=\"440\" height=\"486\" src=\"https:\/\/coopercredunilever.com.br\/home\/wp-content\/uploads\/2022\/03\/Linha_de_credito_Apresente_um_socio.png\" class=\"attachment-large size-large wp-image-1580\" alt=\"\" srcset=\"https:\/\/coopercredunilever.com.br\/home\/wp-content\/uploads\/2022\/03\/Linha_de_credito_Apresente_um_socio.png 440w, https:\/\/coopercredunilever.com.br\/home\/wp-content\/uploads\/2022\/03\/Linha_de_credito_Apresente_um_socio-272x300.png 272w\" sizes=\"(max-width: 440px) 100vw, 440px\" \/>\t\t\t\t\t\t\t\t<\/a>\n\t\t\t\t\t\t\t\t\t\t\t\t\t\t\t<\/div>\n\t\t\t\t<\/div>\n\t\t\t\t\t<\/div>\n\t\t<\/div>\n\t\t\t\t\t<\/div>\n\t\t<\/section>\n\t\t\t\t<\/div>\n\t\t","protected":false},"excerpt":{"rendered":"<p>A Coopercred Unilever disponibiliza linhas de cr\u00e9dito sob medida para seus associados utilizarem como quiser! Conhe\u00e7a as op\u00e7\u00f5es e escolha a modalidade de cr\u00e9dito que mais combina com voc\u00ea.<\/p>\n","protected":false},"author":1,"featured_media":0,"parent":0,"menu_order":0,"comment_status":"closed","ping_status":"closed","template":"elementor_header_footer","meta":{"footnotes":""},"class_list":["post-621","page","type-page","status-publish","hentry"],"_links":{"self":[{"href":"https:\/\/coopercredunilever.com.br\/home\/wp-json\/wp\/v2\/pages\/621","targetHints":{"allow":["GET"]}}],"collection":[{"href":"https:\/\/coopercredunilever.com.br\/home\/wp-json\/wp\/v2\/pages"}],"about":[{"href":"https:\/\/coopercredunilever.com.br\/home\/wp-json\/wp\/v2\/types\/page"}],"author":[{"embeddable":true,"href":"https:\/\/coopercredunilever.com.br\/home\/wp-json\/wp\/v2\/users\/1"}],"replies":[{"embeddable":true,"href":"https:\/\/coopercredunilever.com.br\/home\/wp-json\/wp\/v2\/comments?post=621"}],"version-history":[{"count":28,"href":"https:\/\/coopercredunilever.com.br\/home\/wp-json\/wp\/v2\/pages\/621\/revisions"}],"predecessor-version":[{"id":2143,"href":"https:\/\/coopercredunilever.com.br\/home\/wp-json\/wp\/v2\/pages\/621\/revisions\/2143"}],"wp:attachment":[{"href":"https:\/\/coopercredunilever.com.br\/home\/wp-json\/wp\/v2\/media?parent=621"}],"curies":[{"name":"wp","href":"https:\/\/api.w.org\/{rel}","templated":true}]}}