{"id":631,"date":"2022-01-14T19:46:36","date_gmt":"2022-01-14T19:46:36","guid":{"rendered":"https:\/\/conectou.com.br\/producao\/?page_id=631"},"modified":"2022-05-30T13:57:03","modified_gmt":"2022-05-30T16:57:03","slug":"linha-de-credito-inicial","status":"publish","type":"page","link":"https:\/\/coopercredunilever.com.br\/home\/linha-de-credito-inicial\/","title":{"rendered":"Linha de Cr\u00e9dito Inicial"},"content":{"rendered":"\t\t<div data-elementor-type=\"wp-page\" data-elementor-id=\"631\" class=\"elementor elementor-631\">\n\t\t\t\t\t\t<section class=\"elementor-section elementor-top-section elementor-element elementor-element-665d386 elementor-section-height-min-height elementor-section-items-bottom elementor-section-boxed elementor-section-height-default\" data-id=\"665d386\" data-element_type=\"section\" data-settings=\"{&quot;background_background&quot;:&quot;classic&quot;}\">\n\t\t\t\t\t\t<div class=\"elementor-container elementor-column-gap-default\">\n\t\t\t\t\t<div class=\"elementor-column elementor-col-100 elementor-top-column elementor-element elementor-element-f2ebc34\" data-id=\"f2ebc34\" data-element_type=\"column\">\n\t\t\t<div class=\"elementor-widget-wrap elementor-element-populated\">\n\t\t\t\t\t\t\t<\/div>\n\t\t<\/div>\n\t\t\t\t\t<\/div>\n\t\t<\/section>\n\t\t\t\t<section class=\"elementor-section elementor-top-section elementor-element elementor-element-8114e68 elementor-section-boxed elementor-section-height-default elementor-section-height-default\" data-id=\"8114e68\" data-element_type=\"section\">\n\t\t\t\t\t\t<div class=\"elementor-container elementor-column-gap-default\">\n\t\t\t\t\t<div class=\"elementor-column elementor-col-100 elementor-top-column elementor-element elementor-element-c3e7af7\" data-id=\"c3e7af7\" data-element_type=\"column\">\n\t\t\t<div class=\"elementor-widget-wrap elementor-element-populated\">\n\t\t\t\t\t\t<div class=\"elementor-element elementor-element-f255fd6 elementor-widget elementor-widget-text-editor\" data-id=\"f255fd6\" data-element_type=\"widget\" data-widget_type=\"text-editor.default\">\n\t\t\t\t<div class=\"elementor-widget-container\">\n\t\t\t\t\t\t\t\t\t<p class=\"p1\"><b>Quem pode solicitar?<\/b><\/p><p><span style=\"font-weight: 400;\">Associados com menos de um ano como s\u00f3cio:<\/span><\/p><p><span style=\"font-weight: 400;\">\u00a0&#8211; Car\u00eancia de 3 meses para aquisi\u00e7\u00e3o do primeiro empr\u00e9stimo ou o associado poder\u00e1 pagar a car\u00eancia dos 03 meses do ato da admiss\u00e3o, podendo assim, adquirir o empr\u00e9stimo imediatamente;<\/span><\/p><p><span style=\"font-weight: 400;\">\u00a0&#8211; Limitado a 3 sal\u00e1rios;<\/span><\/p><p><span style=\"font-weight: 400;\">\u00a0&#8211; Parcelados em at\u00e9 24 meses<\/span><\/p><p><span style=\"font-weight: 400;\">\u00a0&#8211; Consulta SCPC e SERASA (com restri\u00e7\u00f5es ser\u00e1 analisado pela ger\u00eancia da Cooperativa);<\/span><\/p><p><span style=\"font-weight: 400;\">\u00a0&#8211; Sem restri\u00e7\u00e3o \u00e9 necess\u00e1rio apenas um devedor solid\u00e1rio e com restri\u00e7\u00e3o ser\u00e1 analisado e poder\u00e1 ser solicitado de dois a quatro devedores-solid\u00e1rios, se for aprovado.<\/span><\/p><p class=\"p1\"><b>Limite e prazo de pagamento conforme a tabela abaixo:<\/b><\/p>\t\t\t\t\t\t\t\t<\/div>\n\t\t\t\t<\/div>\n\t\t\t\t<div class=\"elementor-element elementor-element-fdcc0a8 elementor-widget elementor-widget-image\" data-id=\"fdcc0a8\" data-element_type=\"widget\" data-widget_type=\"image.default\">\n\t\t\t\t<div class=\"elementor-widget-container\">\n\t\t\t\t\t\t\t\t\t\t\t\t\t\t\t<img decoding=\"async\" src=\"https:\/\/coopercredunilever.com.br\/home\/wp-content\/uploads\/2022\/03\/ok-tabelas_Linha_de_Credito_Inicial.png\" title=\"ok-tabelas_Linha_de_Credito_Inicial\" alt=\"ok-tabelas_Linha_de_Credito_Inicial\" loading=\"lazy\" \/>\t\t\t\t\t\t\t\t\t\t\t\t\t\t\t<\/div>\n\t\t\t\t<\/div>\n\t\t\t\t\t<\/div>\n\t\t<\/div>\n\t\t\t\t\t<\/div>\n\t\t<\/section>\n\t\t\t\t<\/div>\n\t\t","protected":false},"excerpt":{"rendered":"<p>Quem pode solicitar? Associados com menos de um ano como s\u00f3cio: \u00a0&#8211; Car\u00eancia de 3 meses para aquisi\u00e7\u00e3o do primeiro empr\u00e9stimo ou o associado poder\u00e1 pagar a car\u00eancia dos 03 meses do ato da admiss\u00e3o, podendo assim, adquirir o empr\u00e9stimo imediatamente; \u00a0&#8211; Limitado a 3 sal\u00e1rios; \u00a0&#8211; Parcelados em at\u00e9 24 meses \u00a0&#8211; Consulta SCPC [&hellip;]<\/p>\n","protected":false},"author":1,"featured_media":0,"parent":0,"menu_order":0,"comment_status":"closed","ping_status":"closed","template":"elementor_header_footer","meta":{"footnotes":""},"class_list":["post-631","page","type-page","status-publish","hentry"],"_links":{"self":[{"href":"https:\/\/coopercredunilever.com.br\/home\/wp-json\/wp\/v2\/pages\/631","targetHints":{"allow":["GET"]}}],"collection":[{"href":"https:\/\/coopercredunilever.com.br\/home\/wp-json\/wp\/v2\/pages"}],"about":[{"href":"https:\/\/coopercredunilever.com.br\/home\/wp-json\/wp\/v2\/types\/page"}],"author":[{"embeddable":true,"href":"https:\/\/coopercredunilever.com.br\/home\/wp-json\/wp\/v2\/users\/1"}],"replies":[{"embeddable":true,"href":"https:\/\/coopercredunilever.com.br\/home\/wp-json\/wp\/v2\/comments?post=631"}],"version-history":[{"count":22,"href":"https:\/\/coopercredunilever.com.br\/home\/wp-json\/wp\/v2\/pages\/631\/revisions"}],"predecessor-version":[{"id":2201,"href":"https:\/\/coopercredunilever.com.br\/home\/wp-json\/wp\/v2\/pages\/631\/revisions\/2201"}],"wp:attachment":[{"href":"https:\/\/coopercredunilever.com.br\/home\/wp-json\/wp\/v2\/media?parent=631"}],"curies":[{"name":"wp","href":"https:\/\/api.w.org\/{rel}","templated":true}]}}