{"id":647,"date":"2022-01-14T19:57:56","date_gmt":"2022-01-14T19:57:56","guid":{"rendered":"https:\/\/conectou.com.br\/producao\/?page_id=647"},"modified":"2025-04-30T14:56:46","modified_gmt":"2025-04-30T17:56:46","slug":"linha-de-credito-diamante","status":"publish","type":"page","link":"https:\/\/coopercredunilever.com.br\/home\/linha-de-credito-diamante\/","title":{"rendered":"Linha de Cr\u00e9dito Diamante"},"content":{"rendered":"\t\t<div data-elementor-type=\"wp-page\" data-elementor-id=\"647\" class=\"elementor elementor-647\">\n\t\t\t\t\t\t<section class=\"elementor-section elementor-top-section elementor-element elementor-element-665d386 elementor-section-height-min-height elementor-section-items-bottom elementor-section-boxed elementor-section-height-default\" data-id=\"665d386\" data-element_type=\"section\" data-settings=\"{&quot;background_background&quot;:&quot;classic&quot;}\">\n\t\t\t\t\t\t<div class=\"elementor-container elementor-column-gap-default\">\n\t\t\t\t\t<div class=\"elementor-column elementor-col-100 elementor-top-column elementor-element elementor-element-f2ebc34\" data-id=\"f2ebc34\" data-element_type=\"column\">\n\t\t\t<div class=\"elementor-widget-wrap elementor-element-populated\">\n\t\t\t\t\t\t\t<\/div>\n\t\t<\/div>\n\t\t\t\t\t<\/div>\n\t\t<\/section>\n\t\t\t\t<section class=\"elementor-section elementor-top-section elementor-element elementor-element-8114e68 elementor-section-boxed elementor-section-height-default elementor-section-height-default\" data-id=\"8114e68\" data-element_type=\"section\">\n\t\t\t\t\t\t<div class=\"elementor-container elementor-column-gap-default\">\n\t\t\t\t\t<div class=\"elementor-column elementor-col-100 elementor-top-column elementor-element elementor-element-c3e7af7\" data-id=\"c3e7af7\" data-element_type=\"column\">\n\t\t\t<div class=\"elementor-widget-wrap elementor-element-populated\">\n\t\t\t\t\t\t<div class=\"elementor-element elementor-element-793fb9a elementor-widget elementor-widget-text-editor\" data-id=\"793fb9a\" data-element_type=\"widget\" data-widget_type=\"text-editor.default\">\n\t\t\t\t<div class=\"elementor-widget-container\">\n\t\t\t\t\t\t\t\t\t<p class=\"p1\"><b>Quem pode solicitar?<\/b><\/p><p class=\"p1\">Associados com mais de 11 anos como s\u00f3cio, desde que: tenham pago em dia as presta\u00e7\u00f5es do \u00faltimo empr\u00e9stimo encerrado e estejam pagando em dia as presta\u00e7\u00f5es do empr\u00e9stimo em andamento.<\/p><p class=\"p1\"><b>Limite e prazo de pagamento conforme a tabela abaixo:<\/b><\/p>\t\t\t\t\t\t\t\t<\/div>\n\t\t\t\t<\/div>\n\t\t\t\t<div class=\"elementor-element elementor-element-be145d5 elementor-widget elementor-widget-image\" data-id=\"be145d5\" data-element_type=\"widget\" data-widget_type=\"image.default\">\n\t\t\t\t<div class=\"elementor-widget-container\">\n\t\t\t\t\t\t\t\t\t\t\t\t\t\t\t<img decoding=\"async\" src=\"https:\/\/coopercredunilever.com.br\/home\/wp-content\/uploads\/2022\/03\/tabelas_Linha_de_Credito_Fidelidade_Master.png\" title=\"-tabelas_Linha_de_Credito_Fidelidade_Master\" alt=\"-tabelas_Linha_de_Credito_Fidelidade_Master\" loading=\"lazy\" \/>\t\t\t\t\t\t\t\t\t\t\t\t\t\t\t<\/div>\n\t\t\t\t<\/div>\n\t\t\t\t\t<\/div>\n\t\t<\/div>\n\t\t\t\t\t<\/div>\n\t\t<\/section>\n\t\t\t\t<\/div>\n\t\t","protected":false},"excerpt":{"rendered":"<p>Quem pode solicitar? Associados com mais de 11 anos como s\u00f3cio, desde que: tenham pago em dia as presta\u00e7\u00f5es do \u00faltimo empr\u00e9stimo encerrado e estejam pagando em dia as presta\u00e7\u00f5es do empr\u00e9stimo em andamento. Limite e prazo de pagamento conforme a tabela abaixo:<\/p>\n","protected":false},"author":1,"featured_media":0,"parent":0,"menu_order":0,"comment_status":"closed","ping_status":"closed","template":"elementor_header_footer","meta":{"footnotes":""},"class_list":["post-647","page","type-page","status-publish","hentry"],"_links":{"self":[{"href":"https:\/\/coopercredunilever.com.br\/home\/wp-json\/wp\/v2\/pages\/647","targetHints":{"allow":["GET"]}}],"collection":[{"href":"https:\/\/coopercredunilever.com.br\/home\/wp-json\/wp\/v2\/pages"}],"about":[{"href":"https:\/\/coopercredunilever.com.br\/home\/wp-json\/wp\/v2\/types\/page"}],"author":[{"embeddable":true,"href":"https:\/\/coopercredunilever.com.br\/home\/wp-json\/wp\/v2\/users\/1"}],"replies":[{"embeddable":true,"href":"https:\/\/coopercredunilever.com.br\/home\/wp-json\/wp\/v2\/comments?post=647"}],"version-history":[{"count":24,"href":"https:\/\/coopercredunilever.com.br\/home\/wp-json\/wp\/v2\/pages\/647\/revisions"}],"predecessor-version":[{"id":5026,"href":"https:\/\/coopercredunilever.com.br\/home\/wp-json\/wp\/v2\/pages\/647\/revisions\/5026"}],"wp:attachment":[{"href":"https:\/\/coopercredunilever.com.br\/home\/wp-json\/wp\/v2\/media?parent=647"}],"curies":[{"name":"wp","href":"https:\/\/api.w.org\/{rel}","templated":true}]}}