{"id":652,"date":"2022-01-14T20:02:42","date_gmt":"2022-01-14T20:02:42","guid":{"rendered":"https:\/\/conectou.com.br\/producao\/?page_id=652"},"modified":"2022-05-30T13:53:47","modified_gmt":"2022-05-30T16:53:47","slug":"linha-de-credito-emergencial","status":"publish","type":"page","link":"https:\/\/coopercredunilever.com.br\/home\/linha-de-credito-emergencial\/","title":{"rendered":"Linha de Cr\u00e9dito Emergencial"},"content":{"rendered":"\t\t<div data-elementor-type=\"wp-page\" data-elementor-id=\"652\" class=\"elementor elementor-652\">\n\t\t\t\t\t\t<section class=\"elementor-section elementor-top-section elementor-element elementor-element-665d386 elementor-section-height-min-height elementor-section-items-bottom elementor-section-boxed elementor-section-height-default\" data-id=\"665d386\" data-element_type=\"section\" data-settings=\"{&quot;background_background&quot;:&quot;classic&quot;}\">\n\t\t\t\t\t\t<div class=\"elementor-container elementor-column-gap-default\">\n\t\t\t\t\t<div class=\"elementor-column elementor-col-100 elementor-top-column elementor-element elementor-element-f2ebc34\" data-id=\"f2ebc34\" data-element_type=\"column\">\n\t\t\t<div class=\"elementor-widget-wrap elementor-element-populated\">\n\t\t\t\t\t\t\t<\/div>\n\t\t<\/div>\n\t\t\t\t\t<\/div>\n\t\t<\/section>\n\t\t\t\t<section class=\"elementor-section elementor-top-section elementor-element elementor-element-8114e68 elementor-section-boxed elementor-section-height-default elementor-section-height-default\" data-id=\"8114e68\" data-element_type=\"section\">\n\t\t\t\t\t\t<div class=\"elementor-container elementor-column-gap-default\">\n\t\t\t\t\t<div class=\"elementor-column elementor-col-100 elementor-top-column elementor-element elementor-element-c3e7af7\" data-id=\"c3e7af7\" data-element_type=\"column\">\n\t\t\t<div class=\"elementor-widget-wrap elementor-element-populated\">\n\t\t\t\t\t\t<div class=\"elementor-element elementor-element-f255fd6 elementor-widget elementor-widget-text-editor\" data-id=\"f255fd6\" data-element_type=\"widget\" data-widget_type=\"text-editor.default\">\n\t\t\t\t<div class=\"elementor-widget-container\">\n\t\t\t\t\t\t\t\t\t<p class=\"p1\"><b>Em quais solicita\u00e7\u00f5es a linha pode ser solicitada?<\/b><\/p><p class=\"p1\">V\u00edtima de inunda\u00e7\u00e3o, alagamento, desmoronamento, inc\u00eandio e\/ou outro sinistro que afete sua resid\u00eancia.<\/p><p class=\"p1\">Ajuda funeral no caso de falecimento de pais, filhos e c\u00f4njuges.<\/p><p class=\"p1\">Em caso de doen\u00e7a grave e\/ou interna\u00e7\u00e3o de dependentes, pagamento de exames m\u00e9dicos.<\/p><p class=\"p1\">Nas compras de medicamentos de custo acima das possibilidades do associado<\/p><p class=\"p1\">Aparelhos ortop\u00e9dicos, dent\u00e1rios, surdez, pr\u00f3teses, etc.<\/p><p class=\"p1\">Aux\u00edlio natalidade, no caso de compra de enxoval e utens\u00edlios para o rec\u00e9m-nascido at\u00e9 2 meses.<\/p><p class=\"p1\">Aux\u00edlio casamento, para pagamento de despesas com casamento at\u00e9 2 meses ap\u00f3s a data do evento.<\/p><p class=\"p1\"><b>Quem pode solicitar?<\/b><\/p><p class=\"p1\">Associados com mais de 6 meses como s\u00f3cio.<\/p><p class=\"p1\"><b>Limite de Cr\u00e9dito<span class=\"Apple-converted-space\">\u00a0<\/span><\/b><\/p><p class=\"p1\">Limitado ao m\u00e1ximo de R$ 5 mil.<\/p><p class=\"p1\"><b>Prazo de pagamento<\/b><\/p><p class=\"p1\">Limitado ao m\u00e1ximo em 18 parcelas.<\/p><p class=\"p1\">O valor da parcela n\u00e3o poder\u00e1 ultrapassar o limite de 30% do sal\u00e1rio refer\u00eancia, considerando todos os empr\u00e9stimos em aberto.<\/p><p class=\"p1\"><b>Exig\u00eancia<\/b><\/p><p class=\"p1\">Comprova\u00e7\u00e3o da necessidade do empr\u00e9stimo atrav\u00e9s de laudos m\u00e9dicos, receitas, sinistros, certid\u00f5es, etc.<\/p>\t\t\t\t\t\t\t\t<\/div>\n\t\t\t\t<\/div>\n\t\t\t\t<div class=\"elementor-element elementor-element-9f2319f elementor-widget elementor-widget-image\" data-id=\"9f2319f\" data-element_type=\"widget\" data-widget_type=\"image.default\">\n\t\t\t\t<div class=\"elementor-widget-container\">\n\t\t\t\t\t\t\t\t\t\t\t\t\t\t\t<img fetchpriority=\"high\" decoding=\"async\" width=\"800\" height=\"200\" src=\"https:\/\/coopercredunilever.com.br\/home\/wp-content\/uploads\/2022\/03\/tabelas_Linha_de_Credito_Emergencial.png\" class=\"attachment-large size-large wp-image-1328\" alt=\"\" srcset=\"https:\/\/coopercredunilever.com.br\/home\/wp-content\/uploads\/2022\/03\/tabelas_Linha_de_Credito_Emergencial.png 836w, https:\/\/coopercredunilever.com.br\/home\/wp-content\/uploads\/2022\/03\/tabelas_Linha_de_Credito_Emergencial-300x75.png 300w, https:\/\/coopercredunilever.com.br\/home\/wp-content\/uploads\/2022\/03\/tabelas_Linha_de_Credito_Emergencial-768x192.png 768w\" sizes=\"(max-width: 800px) 100vw, 800px\" \/>\t\t\t\t\t\t\t\t\t\t\t\t\t\t\t<\/div>\n\t\t\t\t<\/div>\n\t\t\t\t\t<\/div>\n\t\t<\/div>\n\t\t\t\t\t<\/div>\n\t\t<\/section>\n\t\t\t\t<\/div>\n\t\t","protected":false},"excerpt":{"rendered":"<p>Em quais solicita\u00e7\u00f5es a linha pode ser solicitada? V\u00edtima de inunda\u00e7\u00e3o, alagamento, desmoronamento, inc\u00eandio e\/ou outro sinistro que afete sua resid\u00eancia. Ajuda funeral no caso de falecimento de pais, filhos e c\u00f4njuges. Em caso de doen\u00e7a grave e\/ou interna\u00e7\u00e3o de dependentes, pagamento de exames m\u00e9dicos. Nas compras de medicamentos de custo acima das possibilidades do [&hellip;]<\/p>\n","protected":false},"author":1,"featured_media":0,"parent":0,"menu_order":0,"comment_status":"closed","ping_status":"closed","template":"elementor_header_footer","meta":{"footnotes":""},"class_list":["post-652","page","type-page","status-publish","hentry"],"_links":{"self":[{"href":"https:\/\/coopercredunilever.com.br\/home\/wp-json\/wp\/v2\/pages\/652","targetHints":{"allow":["GET"]}}],"collection":[{"href":"https:\/\/coopercredunilever.com.br\/home\/wp-json\/wp\/v2\/pages"}],"about":[{"href":"https:\/\/coopercredunilever.com.br\/home\/wp-json\/wp\/v2\/types\/page"}],"author":[{"embeddable":true,"href":"https:\/\/coopercredunilever.com.br\/home\/wp-json\/wp\/v2\/users\/1"}],"replies":[{"embeddable":true,"href":"https:\/\/coopercredunilever.com.br\/home\/wp-json\/wp\/v2\/comments?post=652"}],"version-history":[{"count":16,"href":"https:\/\/coopercredunilever.com.br\/home\/wp-json\/wp\/v2\/pages\/652\/revisions"}],"predecessor-version":[{"id":2189,"href":"https:\/\/coopercredunilever.com.br\/home\/wp-json\/wp\/v2\/pages\/652\/revisions\/2189"}],"wp:attachment":[{"href":"https:\/\/coopercredunilever.com.br\/home\/wp-json\/wp\/v2\/media?parent=652"}],"curies":[{"name":"wp","href":"https:\/\/api.w.org\/{rel}","templated":true}]}}