{"id":657,"date":"2022-01-14T20:05:23","date_gmt":"2022-01-14T20:05:23","guid":{"rendered":"https:\/\/conectou.com.br\/producao\/?page_id=657"},"modified":"2022-05-30T13:45:43","modified_gmt":"2022-05-30T16:45:43","slug":"linha-de-credito-aniversario","status":"publish","type":"page","link":"https:\/\/coopercredunilever.com.br\/home\/linha-de-credito-aniversario\/","title":{"rendered":"Linha de Cr\u00e9dito Anivers\u00e1rio"},"content":{"rendered":"\t\t<div data-elementor-type=\"wp-page\" data-elementor-id=\"657\" class=\"elementor elementor-657\">\n\t\t\t\t\t\t<section class=\"elementor-section elementor-top-section elementor-element elementor-element-665d386 elementor-section-height-min-height elementor-section-items-bottom elementor-section-boxed elementor-section-height-default\" data-id=\"665d386\" data-element_type=\"section\" data-settings=\"{&quot;background_background&quot;:&quot;classic&quot;}\">\n\t\t\t\t\t\t<div class=\"elementor-container elementor-column-gap-default\">\n\t\t\t\t\t<div class=\"elementor-column elementor-col-100 elementor-top-column elementor-element elementor-element-f2ebc34\" data-id=\"f2ebc34\" data-element_type=\"column\">\n\t\t\t<div class=\"elementor-widget-wrap elementor-element-populated\">\n\t\t\t\t\t\t\t<\/div>\n\t\t<\/div>\n\t\t\t\t\t<\/div>\n\t\t<\/section>\n\t\t\t\t<section class=\"elementor-section elementor-top-section elementor-element elementor-element-8114e68 elementor-section-boxed elementor-section-height-default elementor-section-height-default\" data-id=\"8114e68\" data-element_type=\"section\">\n\t\t\t\t\t\t<div class=\"elementor-container elementor-column-gap-default\">\n\t\t\t\t\t<div class=\"elementor-column elementor-col-100 elementor-top-column elementor-element elementor-element-c3e7af7\" data-id=\"c3e7af7\" data-element_type=\"column\">\n\t\t\t<div class=\"elementor-widget-wrap elementor-element-populated\">\n\t\t\t\t\t\t<div class=\"elementor-element elementor-element-f255fd6 elementor-widget elementor-widget-text-editor\" data-id=\"f255fd6\" data-element_type=\"widget\" data-widget_type=\"text-editor.default\">\n\t\t\t\t<div class=\"elementor-widget-container\">\n\t\t\t\t\t\t\t\t\t<p class=\"p1\"><b>Quem pode solicitar?<\/b><\/p><p class=\"p1\">Associado com mais de 1 ano como s\u00f3cio, que se enquadre na modalidade fidelidade e solicite empr\u00e9stimo no m\u00eas do seu anivers\u00e1rio.<\/p><p class=\"p1\"><b>Limite de Cr\u00e9dito<span class=\"Apple-converted-space\">\u00a0<\/span><\/b><\/p><p class=\"p1\">O mesmo limite de regra estabelecido na Linha de Cr\u00e9dito Fidelidade, limitado ao m\u00e1ximo de R$ 5 mil.<\/p><p class=\"p1\"><b>Prazo de pagamento<\/b><\/p><p class=\"p1\">Limitado ao m\u00e1ximo em 12 parcelas. O valor da parcela n\u00e3o poder\u00e1 ultrapassar o limite de 30% do sal\u00e1rio de refer\u00eancia, considerando todos os empr\u00e9stimos em aberto.<\/p>\t\t\t\t\t\t\t\t<\/div>\n\t\t\t\t<\/div>\n\t\t\t\t<div class=\"elementor-element elementor-element-85d11b5 elementor-widget elementor-widget-image\" data-id=\"85d11b5\" data-element_type=\"widget\" data-widget_type=\"image.default\">\n\t\t\t\t<div class=\"elementor-widget-container\">\n\t\t\t\t\t\t\t\t\t\t\t\t\t\t\t<img fetchpriority=\"high\" decoding=\"async\" width=\"800\" height=\"287\" src=\"https:\/\/coopercredunilever.com.br\/home\/wp-content\/uploads\/2022\/03\/tabelas_Linha_de_Cre\u0301dito_Aniversa\u0301rio.png\" class=\"attachment-large size-large wp-image-1320\" alt=\"\" srcset=\"https:\/\/coopercredunilever.com.br\/home\/wp-content\/uploads\/2022\/03\/tabelas_Linha_de_Cre\u0301dito_Aniversa\u0301rio.png 836w, https:\/\/coopercredunilever.com.br\/home\/wp-content\/uploads\/2022\/03\/tabelas_Linha_de_Cre\u0301dito_Aniversa\u0301rio-300x108.png 300w, https:\/\/coopercredunilever.com.br\/home\/wp-content\/uploads\/2022\/03\/tabelas_Linha_de_Cre\u0301dito_Aniversa\u0301rio-768x276.png 768w\" sizes=\"(max-width: 800px) 100vw, 800px\" \/>\t\t\t\t\t\t\t\t\t\t\t\t\t\t\t<\/div>\n\t\t\t\t<\/div>\n\t\t\t\t\t<\/div>\n\t\t<\/div>\n\t\t\t\t\t<\/div>\n\t\t<\/section>\n\t\t\t\t<\/div>\n\t\t","protected":false},"excerpt":{"rendered":"<p>Quem pode solicitar? Associado com mais de 1 ano como s\u00f3cio, que se enquadre na modalidade fidelidade e solicite empr\u00e9stimo no m\u00eas do seu anivers\u00e1rio. Limite de Cr\u00e9dito\u00a0 O mesmo limite de regra estabelecido na Linha de Cr\u00e9dito Fidelidade, limitado ao m\u00e1ximo de R$ 5 mil. Prazo de pagamento Limitado ao m\u00e1ximo em 12 parcelas. [&hellip;]<\/p>\n","protected":false},"author":1,"featured_media":0,"parent":0,"menu_order":0,"comment_status":"closed","ping_status":"closed","template":"elementor_header_footer","meta":{"footnotes":""},"class_list":["post-657","page","type-page","status-publish","hentry"],"_links":{"self":[{"href":"https:\/\/coopercredunilever.com.br\/home\/wp-json\/wp\/v2\/pages\/657","targetHints":{"allow":["GET"]}}],"collection":[{"href":"https:\/\/coopercredunilever.com.br\/home\/wp-json\/wp\/v2\/pages"}],"about":[{"href":"https:\/\/coopercredunilever.com.br\/home\/wp-json\/wp\/v2\/types\/page"}],"author":[{"embeddable":true,"href":"https:\/\/coopercredunilever.com.br\/home\/wp-json\/wp\/v2\/users\/1"}],"replies":[{"embeddable":true,"href":"https:\/\/coopercredunilever.com.br\/home\/wp-json\/wp\/v2\/comments?post=657"}],"version-history":[{"count":16,"href":"https:\/\/coopercredunilever.com.br\/home\/wp-json\/wp\/v2\/pages\/657\/revisions"}],"predecessor-version":[{"id":2162,"href":"https:\/\/coopercredunilever.com.br\/home\/wp-json\/wp\/v2\/pages\/657\/revisions\/2162"}],"wp:attachment":[{"href":"https:\/\/coopercredunilever.com.br\/home\/wp-json\/wp\/v2\/media?parent=657"}],"curies":[{"name":"wp","href":"https:\/\/api.w.org\/{rel}","templated":true}]}}