{"id":702,"date":"2022-01-17T14:22:43","date_gmt":"2022-01-17T14:22:43","guid":{"rendered":"https:\/\/conectou.com.br\/producao\/?page_id=702"},"modified":"2022-05-30T13:52:29","modified_gmt":"2022-05-30T16:52:29","slug":"noticias","status":"publish","type":"page","link":"https:\/\/coopercredunilever.com.br\/home\/noticias\/","title":{"rendered":"Not\u00edcias"},"content":{"rendered":"\t\t<div data-elementor-type=\"wp-page\" data-elementor-id=\"702\" class=\"elementor elementor-702\">\n\t\t\t\t\t\t<section class=\"elementor-section elementor-top-section elementor-element elementor-element-4664d3f elementor-section-height-min-height elementor-section-items-bottom elementor-section-boxed elementor-section-height-default\" data-id=\"4664d3f\" data-element_type=\"section\" data-settings=\"{&quot;background_background&quot;:&quot;classic&quot;}\">\n\t\t\t\t\t\t<div class=\"elementor-container elementor-column-gap-default\">\n\t\t\t\t\t<div class=\"elementor-column elementor-col-100 elementor-top-column elementor-element elementor-element-39d74bb\" data-id=\"39d74bb\" data-element_type=\"column\">\n\t\t\t<div class=\"elementor-widget-wrap elementor-element-populated\">\n\t\t\t\t\t\t\t<\/div>\n\t\t<\/div>\n\t\t\t\t\t<\/div>\n\t\t<\/section>\n\t\t\t\t<section class=\"elementor-section elementor-top-section elementor-element elementor-element-a7969d9 elementor-section-boxed elementor-section-height-default elementor-section-height-default\" data-id=\"a7969d9\" data-element_type=\"section\">\n\t\t\t\t\t\t<div class=\"elementor-container elementor-column-gap-default\">\n\t\t\t\t\t<div class=\"elementor-column elementor-col-100 elementor-top-column elementor-element elementor-element-7429bd0\" data-id=\"7429bd0\" data-element_type=\"column\">\n\t\t\t<div class=\"elementor-widget-wrap elementor-element-populated\">\n\t\t\t\t\t\t<div class=\"elementor-element elementor-element-7088278 elementor-widget elementor-widget-spacer\" data-id=\"7088278\" data-element_type=\"widget\" data-widget_type=\"spacer.default\">\n\t\t\t\t<div class=\"elementor-widget-container\">\n\t\t\t\t\t\t\t<div class=\"elementor-spacer\">\n\t\t\t<div class=\"elementor-spacer-inner\"><\/div>\n\t\t<\/div>\n\t\t\t\t\t\t<\/div>\n\t\t\t\t<\/div>\n\t\t\t\t<div class=\"elementor-element elementor-element-a07b309 elementor-grid-3 elementor-grid-tablet-2 elementor-grid-mobile-1 elementor-posts--thumbnail-top elementor-posts__hover-gradient elementor-widget elementor-widget-posts\" data-id=\"a07b309\" data-element_type=\"widget\" data-settings=\"{&quot;cards_columns&quot;:&quot;3&quot;,&quot;cards_columns_tablet&quot;:&quot;2&quot;,&quot;cards_columns_mobile&quot;:&quot;1&quot;,&quot;cards_row_gap&quot;:{&quot;unit&quot;:&quot;px&quot;,&quot;size&quot;:35,&quot;sizes&quot;:[]},&quot;cards_row_gap_tablet&quot;:{&quot;unit&quot;:&quot;px&quot;,&quot;size&quot;:&quot;&quot;,&quot;sizes&quot;:[]},&quot;cards_row_gap_mobile&quot;:{&quot;unit&quot;:&quot;px&quot;,&quot;size&quot;:&quot;&quot;,&quot;sizes&quot;:[]}}\" data-widget_type=\"posts.cards\">\n\t\t\t\t<div class=\"elementor-widget-container\">\n\t\t\t\t\t\t\t<div class=\"elementor-posts-container elementor-posts elementor-posts--skin-cards elementor-grid\">\n\t\t\t\t<article class=\"elementor-post elementor-grid-item post-786 post type-post status-publish format-standard has-post-thumbnail hentry category-acesso-rapido\">\n\t\t\t<div class=\"elementor-post__card\">\n\t\t\t\t<a class=\"elementor-post__thumbnail__link\" href=\"https:\/\/coopercredunilever.com.br\/home\/vida-saudavel\/\" target=\"_blank\"><div class=\"elementor-post__thumbnail\"><img decoding=\"async\" width=\"300\" height=\"155\" src=\"https:\/\/coopercredunilever.com.br\/home\/wp-content\/uploads\/2022\/01\/banner-vida-saudavel-300x155.png\" class=\"attachment-medium size-medium wp-image-848\" alt=\"\" srcset=\"https:\/\/coopercredunilever.com.br\/home\/wp-content\/uploads\/2022\/01\/banner-vida-saudavel-300x155.png 300w, https:\/\/coopercredunilever.com.br\/home\/wp-content\/uploads\/2022\/01\/banner-vida-saudavel-1024x528.png 1024w, https:\/\/coopercredunilever.com.br\/home\/wp-content\/uploads\/2022\/01\/banner-vida-saudavel-768x396.png 768w, https:\/\/coopercredunilever.com.br\/home\/wp-content\/uploads\/2022\/01\/banner-vida-saudavel-1536x791.png 1536w, https:\/\/coopercredunilever.com.br\/home\/wp-content\/uploads\/2022\/01\/banner-vida-saudavel-2048x1055.png 2048w\" sizes=\"(max-width: 300px) 100vw, 300px\" \/><\/div><\/a>\n\t\t\t\t<div class=\"elementor-post__text\">\n\t\t\t\t<h3 class=\"elementor-post__title\">\n\t\t\t<a href=\"https:\/\/coopercredunilever.com.br\/home\/vida-saudavel\/\" target=&quot;_blank&quot;>\n\t\t\t\tVida Saud\u00e1vel\t\t\t<\/a>\n\t\t<\/h3>\n\t\t\t\t\t<a class=\"elementor-post__read-more\" href=\"https:\/\/coopercredunilever.com.br\/home\/vida-saudavel\/\" target=\"_blank\">\n\t\t\t\tSaiba mais\t\t\t<\/a>\n\t\t\t\t<\/div>\n\t\t\t\t\t<\/div>\n\t\t<\/article>\n\t\t\t\t<article class=\"elementor-post elementor-grid-item post-778 post type-post status-publish format-standard has-post-thumbnail hentry category-acesso-rapido\">\n\t\t\t<div class=\"elementor-post__card\">\n\t\t\t\t<a class=\"elementor-post__thumbnail__link\" href=\"https:\/\/coopercredunilever.com.br\/home\/retomada-da-economia\/\" target=\"_blank\"><div class=\"elementor-post__thumbnail\"><img fetchpriority=\"high\" decoding=\"async\" width=\"300\" height=\"256\" src=\"https:\/\/coopercredunilever.com.br\/home\/wp-content\/uploads\/2022\/01\/banner-a-retomada-da-economia-pos-pandemia-300x256.png\" class=\"attachment-medium size-medium wp-image-843\" alt=\"\" srcset=\"https:\/\/coopercredunilever.com.br\/home\/wp-content\/uploads\/2022\/01\/banner-a-retomada-da-economia-pos-pandemia-300x256.png 300w, https:\/\/coopercredunilever.com.br\/home\/wp-content\/uploads\/2022\/01\/banner-a-retomada-da-economia-pos-pandemia.png 672w\" sizes=\"(max-width: 300px) 100vw, 300px\" \/><\/div><\/a>\n\t\t\t\t<div class=\"elementor-post__text\">\n\t\t\t\t<h3 class=\"elementor-post__title\">\n\t\t\t<a href=\"https:\/\/coopercredunilever.com.br\/home\/retomada-da-economia\/\" target=&quot;_blank&quot;>\n\t\t\t\tRETOMADA DA ECONOMIA\t\t\t<\/a>\n\t\t<\/h3>\n\t\t\t\t\t<a class=\"elementor-post__read-more\" href=\"https:\/\/coopercredunilever.com.br\/home\/retomada-da-economia\/\" target=\"_blank\">\n\t\t\t\tSaiba mais\t\t\t<\/a>\n\t\t\t\t<\/div>\n\t\t\t\t\t<\/div>\n\t\t<\/article>\n\t\t\t\t<article class=\"elementor-post elementor-grid-item post-767 post type-post status-publish format-standard has-post-thumbnail hentry category-acesso-rapido\">\n\t\t\t<div class=\"elementor-post__card\">\n\t\t\t\t<a class=\"elementor-post__thumbnail__link\" href=\"https:\/\/coopercredunilever.com.br\/home\/saiba-mais-sobre-o-cooperativismo-no-brasil-e-no-mundo\/\" target=\"_blank\"><div class=\"elementor-post__thumbnail\"><img decoding=\"async\" width=\"300\" height=\"256\" src=\"https:\/\/coopercredunilever.com.br\/home\/wp-content\/uploads\/2022\/01\/banner-o-cooperativismo-de-credito-no-mundo-300x256.png\" class=\"attachment-medium size-medium wp-image-845\" alt=\"\" srcset=\"https:\/\/coopercredunilever.com.br\/home\/wp-content\/uploads\/2022\/01\/banner-o-cooperativismo-de-credito-no-mundo-300x256.png 300w, https:\/\/coopercredunilever.com.br\/home\/wp-content\/uploads\/2022\/01\/banner-o-cooperativismo-de-credito-no-mundo.png 672w\" sizes=\"(max-width: 300px) 100vw, 300px\" \/><\/div><\/a>\n\t\t\t\t<div class=\"elementor-post__text\">\n\t\t\t\t<h3 class=\"elementor-post__title\">\n\t\t\t<a href=\"https:\/\/coopercredunilever.com.br\/home\/saiba-mais-sobre-o-cooperativismo-no-brasil-e-no-mundo\/\" target=&quot;_blank&quot;>\n\t\t\t\tSaiba mais sobre o cooperativismo no Brasil e no mundo!\t\t\t<\/a>\n\t\t<\/h3>\n\t\t\t\t\t<a class=\"elementor-post__read-more\" href=\"https:\/\/coopercredunilever.com.br\/home\/saiba-mais-sobre-o-cooperativismo-no-brasil-e-no-mundo\/\" target=\"_blank\">\n\t\t\t\tSaiba mais\t\t\t<\/a>\n\t\t\t\t<\/div>\n\t\t\t\t\t<\/div>\n\t\t<\/article>\n\t\t\t\t<article class=\"elementor-post elementor-grid-item post-756 post type-post status-publish format-standard has-post-thumbnail hentry category-acesso-rapido\">\n\t\t\t<div class=\"elementor-post__card\">\n\t\t\t\t<a class=\"elementor-post__thumbnail__link\" href=\"https:\/\/coopercredunilever.com.br\/home\/selic-tudo-o-que-voce-precisa-saber\/\" target=\"_blank\"><div class=\"elementor-post__thumbnail\"><img loading=\"lazy\" decoding=\"async\" width=\"300\" height=\"256\" src=\"https:\/\/coopercredunilever.com.br\/home\/wp-content\/uploads\/2022\/01\/banner-taxa-selic-300x256.png\" class=\"attachment-medium size-medium wp-image-847\" alt=\"\" srcset=\"https:\/\/coopercredunilever.com.br\/home\/wp-content\/uploads\/2022\/01\/banner-taxa-selic-300x256.png 300w, https:\/\/coopercredunilever.com.br\/home\/wp-content\/uploads\/2022\/01\/banner-taxa-selic.png 672w\" sizes=\"(max-width: 300px) 100vw, 300px\" \/><\/div><\/a>\n\t\t\t\t<div class=\"elementor-post__text\">\n\t\t\t\t<h3 class=\"elementor-post__title\">\n\t\t\t<a href=\"https:\/\/coopercredunilever.com.br\/home\/selic-tudo-o-que-voce-precisa-saber\/\" target=&quot;_blank&quot;>\n\t\t\t\tSelic, tudo o que voc\u00ea precisa saber!\t\t\t<\/a>\n\t\t<\/h3>\n\t\t\t\t\t<a class=\"elementor-post__read-more\" href=\"https:\/\/coopercredunilever.com.br\/home\/selic-tudo-o-que-voce-precisa-saber\/\" target=\"_blank\">\n\t\t\t\tSaiba mais\t\t\t<\/a>\n\t\t\t\t<\/div>\n\t\t\t\t\t<\/div>\n\t\t<\/article>\n\t\t\t\t<article class=\"elementor-post elementor-grid-item post-745 post type-post status-publish format-standard has-post-thumbnail hentry category-acesso-rapido\">\n\t\t\t<div class=\"elementor-post__card\">\n\t\t\t\t<a class=\"elementor-post__thumbnail__link\" href=\"https:\/\/coopercredunilever.com.br\/home\/diferenca-entre-bancos-e-cooperativas\/\" target=\"_blank\"><div class=\"elementor-post__thumbnail\"><img loading=\"lazy\" decoding=\"async\" width=\"300\" height=\"149\" src=\"https:\/\/coopercredunilever.com.br\/home\/wp-content\/uploads\/2022\/01\/banner-bancos-e-cooperativas-300x149.png\" class=\"attachment-medium size-medium wp-image-844\" alt=\"\" srcset=\"https:\/\/coopercredunilever.com.br\/home\/wp-content\/uploads\/2022\/01\/banner-bancos-e-cooperativas-300x149.png 300w, https:\/\/coopercredunilever.com.br\/home\/wp-content\/uploads\/2022\/01\/banner-bancos-e-cooperativas-768x382.png 768w, https:\/\/coopercredunilever.com.br\/home\/wp-content\/uploads\/2022\/01\/banner-bancos-e-cooperativas.png 1024w\" sizes=\"(max-width: 300px) 100vw, 300px\" \/><\/div><\/a>\n\t\t\t\t<div class=\"elementor-post__text\">\n\t\t\t\t<h3 class=\"elementor-post__title\">\n\t\t\t<a href=\"https:\/\/coopercredunilever.com.br\/home\/diferenca-entre-bancos-e-cooperativas\/\" target=&quot;_blank&quot;>\n\t\t\t\tDiferen\u00e7a entre bancos e cooperativas\t\t\t<\/a>\n\t\t<\/h3>\n\t\t\t\t\t<a class=\"elementor-post__read-more\" href=\"https:\/\/coopercredunilever.com.br\/home\/diferenca-entre-bancos-e-cooperativas\/\" target=\"_blank\">\n\t\t\t\tSaiba mais\t\t\t<\/a>\n\t\t\t\t<\/div>\n\t\t\t\t\t<\/div>\n\t\t<\/article>\n\t\t\t\t<article class=\"elementor-post elementor-grid-item post-731 post type-post status-publish format-standard has-post-thumbnail hentry category-acesso-rapido\">\n\t\t\t<div class=\"elementor-post__card\">\n\t\t\t\t<a class=\"elementor-post__thumbnail__link\" href=\"https:\/\/coopercredunilever.com.br\/home\/voce-sabe-como-funciona-a-distribuicao-das-sobras-e-lucros\/\" target=\"_blank\"><div class=\"elementor-post__thumbnail\"><img loading=\"lazy\" decoding=\"async\" width=\"300\" height=\"150\" src=\"https:\/\/coopercredunilever.com.br\/home\/wp-content\/uploads\/2022\/01\/banner-participac\u0327a\u0303o-nos-lucros-e-sobra-300x150.png\" class=\"attachment-medium size-medium wp-image-842\" alt=\"\" srcset=\"https:\/\/coopercredunilever.com.br\/home\/wp-content\/uploads\/2022\/01\/banner-participac\u0327a\u0303o-nos-lucros-e-sobra-300x150.png 300w, https:\/\/coopercredunilever.com.br\/home\/wp-content\/uploads\/2022\/01\/banner-participac\u0327a\u0303o-nos-lucros-e-sobra-1024x512.png 1024w, https:\/\/coopercredunilever.com.br\/home\/wp-content\/uploads\/2022\/01\/banner-participac\u0327a\u0303o-nos-lucros-e-sobra-768x384.png 768w, https:\/\/coopercredunilever.com.br\/home\/wp-content\/uploads\/2022\/01\/banner-participac\u0327a\u0303o-nos-lucros-e-sobra.png 1028w\" sizes=\"(max-width: 300px) 100vw, 300px\" \/><\/div><\/a>\n\t\t\t\t<div class=\"elementor-post__text\">\n\t\t\t\t<h3 class=\"elementor-post__title\">\n\t\t\t<a href=\"https:\/\/coopercredunilever.com.br\/home\/voce-sabe-como-funciona-a-distribuicao-das-sobras-e-lucros\/\" target=&quot;_blank&quot;>\n\t\t\t\tVoc\u00ea sabe como funciona a distribui\u00e7\u00e3o das sobras e lucros?\t\t\t<\/a>\n\t\t<\/h3>\n\t\t\t\t\t<a class=\"elementor-post__read-more\" href=\"https:\/\/coopercredunilever.com.br\/home\/voce-sabe-como-funciona-a-distribuicao-das-sobras-e-lucros\/\" target=\"_blank\">\n\t\t\t\tSaiba mais\t\t\t<\/a>\n\t\t\t\t<\/div>\n\t\t\t\t\t<\/div>\n\t\t<\/article>\n\t\t\t\t<article class=\"elementor-post elementor-grid-item post-547 post type-post status-publish format-standard has-post-thumbnail hentry category-acesso-rapido\">\n\t\t\t<div class=\"elementor-post__card\">\n\t\t\t\t<a class=\"elementor-post__thumbnail__link\" href=\"https:\/\/coopercredunilever.com.br\/home\/confira-3-dicas-para-organizar-a-vida-financeira\/\" target=\"_blank\"><div class=\"elementor-post__thumbnail\"><img loading=\"lazy\" decoding=\"async\" width=\"300\" height=\"216\" src=\"https:\/\/coopercredunilever.com.br\/home\/wp-content\/uploads\/2022\/01\/banner-educac\u0327a\u0303o-financeira-300x216.png\" class=\"attachment-medium size-medium wp-image-841\" alt=\"\" srcset=\"https:\/\/coopercredunilever.com.br\/home\/wp-content\/uploads\/2022\/01\/banner-educac\u0327a\u0303o-financeira-300x216.png 300w, https:\/\/coopercredunilever.com.br\/home\/wp-content\/uploads\/2022\/01\/banner-educac\u0327a\u0303o-financeira-1024x738.png 1024w, https:\/\/coopercredunilever.com.br\/home\/wp-content\/uploads\/2022\/01\/banner-educac\u0327a\u0303o-financeira-768x553.png 768w, https:\/\/coopercredunilever.com.br\/home\/wp-content\/uploads\/2022\/01\/banner-educac\u0327a\u0303o-financeira.png 1026w\" sizes=\"(max-width: 300px) 100vw, 300px\" \/><\/div><\/a>\n\t\t\t\t<div class=\"elementor-post__text\">\n\t\t\t\t<h3 class=\"elementor-post__title\">\n\t\t\t<a href=\"https:\/\/coopercredunilever.com.br\/home\/confira-3-dicas-para-organizar-a-vida-financeira\/\" target=&quot;_blank&quot;>\n\t\t\t\tConfira 3 dicas para organizar a vida financeira!\t\t\t<\/a>\n\t\t<\/h3>\n\t\t\t\t\t<a class=\"elementor-post__read-more\" href=\"https:\/\/coopercredunilever.com.br\/home\/confira-3-dicas-para-organizar-a-vida-financeira\/\" target=\"_blank\">\n\t\t\t\tSaiba mais\t\t\t<\/a>\n\t\t\t\t<\/div>\n\t\t\t\t\t<\/div>\n\t\t<\/article>\n\t\t\t\t<article class=\"elementor-post elementor-grid-item post-529 post type-post status-publish format-standard has-post-thumbnail hentry category-acesso-rapido\">\n\t\t\t<div class=\"elementor-post__card\">\n\t\t\t\t<a class=\"elementor-post__thumbnail__link\" href=\"https:\/\/coopercredunilever.com.br\/home\/tudo-o-que-voce-precisa-saber-para-se-associar-a-coopercred-unilever\/\" target=\"_blank\"><div class=\"elementor-post__thumbnail\"><img loading=\"lazy\" decoding=\"async\" width=\"300\" height=\"216\" src=\"https:\/\/coopercredunilever.com.br\/home\/wp-content\/uploads\/2022\/01\/banner-como-me-associar-300x216.png\" class=\"attachment-medium size-medium wp-image-840\" alt=\"\" srcset=\"https:\/\/coopercredunilever.com.br\/home\/wp-content\/uploads\/2022\/01\/banner-como-me-associar-300x216.png 300w, https:\/\/coopercredunilever.com.br\/home\/wp-content\/uploads\/2022\/01\/banner-como-me-associar-768x554.png 768w, https:\/\/coopercredunilever.com.br\/home\/wp-content\/uploads\/2022\/01\/banner-como-me-associar.png 1025w\" sizes=\"(max-width: 300px) 100vw, 300px\" \/><\/div><\/a>\n\t\t\t\t<div class=\"elementor-post__text\">\n\t\t\t\t<h3 class=\"elementor-post__title\">\n\t\t\t<a href=\"https:\/\/coopercredunilever.com.br\/home\/tudo-o-que-voce-precisa-saber-para-se-associar-a-coopercred-unilever\/\" target=&quot;_blank&quot;>\n\t\t\t\tTudo o que voc\u00ea precisa saber para se associar \u00e0 Coopercred Unilever\t\t\t<\/a>\n\t\t<\/h3>\n\t\t\t\t\t<a class=\"elementor-post__read-more\" href=\"https:\/\/coopercredunilever.com.br\/home\/tudo-o-que-voce-precisa-saber-para-se-associar-a-coopercred-unilever\/\" target=\"_blank\">\n\t\t\t\tSaiba mais\t\t\t<\/a>\n\t\t\t\t<\/div>\n\t\t\t\t\t<\/div>\n\t\t<\/article>\n\t\t\t\t<\/div>\n\n\n\t\t\n\t\t\t\t\t\t<\/div>\n\t\t\t\t<\/div>\n\t\t\t\t\t<\/div>\n\t\t<\/div>\n\t\t\t\t\t<\/div>\n\t\t<\/section>\n\t\t\t\t<\/div>\n\t\t","protected":false},"excerpt":{"rendered":"","protected":false},"author":1,"featured_media":0,"parent":0,"menu_order":0,"comment_status":"closed","ping_status":"closed","template":"elementor_header_footer","meta":{"footnotes":""},"class_list":["post-702","page","type-page","status-publish","hentry"],"_links":{"self":[{"href":"https:\/\/coopercredunilever.com.br\/home\/wp-json\/wp\/v2\/pages\/702","targetHints":{"allow":["GET"]}}],"collection":[{"href":"https:\/\/coopercredunilever.com.br\/home\/wp-json\/wp\/v2\/pages"}],"about":[{"href":"https:\/\/coopercredunilever.com.br\/home\/wp-json\/wp\/v2\/types\/page"}],"author":[{"embeddable":true,"href":"https:\/\/coopercredunilever.com.br\/home\/wp-json\/wp\/v2\/users\/1"}],"replies":[{"embeddable":true,"href":"https:\/\/coopercredunilever.com.br\/home\/wp-json\/wp\/v2\/comments?post=702"}],"version-history":[{"count":22,"href":"https:\/\/coopercredunilever.com.br\/home\/wp-json\/wp\/v2\/pages\/702\/revisions"}],"predecessor-version":[{"id":2183,"href":"https:\/\/coopercredunilever.com.br\/home\/wp-json\/wp\/v2\/pages\/702\/revisions\/2183"}],"wp:attachment":[{"href":"https:\/\/coopercredunilever.com.br\/home\/wp-json\/wp\/v2\/media?parent=702"}],"curies":[{"name":"wp","href":"https:\/\/api.w.org\/{rel}","templated":true}]}}