{"id":920,"date":"2022-01-19T16:54:24","date_gmt":"2022-01-19T16:54:24","guid":{"rendered":"https:\/\/conectou.com.br\/producao\/?page_id=920"},"modified":"2025-05-26T15:43:16","modified_gmt":"2025-05-26T18:43:16","slug":"regulamento-interno-de-emprestimo","status":"publish","type":"page","link":"https:\/\/coopercredunilever.com.br\/home\/regulamento-interno-de-emprestimo\/","title":{"rendered":"Regulamento Interno de Empr\u00e9stimo"},"content":{"rendered":"\t\t<div data-elementor-type=\"wp-page\" data-elementor-id=\"920\" class=\"elementor elementor-920\">\n\t\t\t\t\t\t<section class=\"elementor-section elementor-top-section elementor-element elementor-element-665d386 elementor-section-height-min-height elementor-section-items-bottom elementor-section-boxed elementor-section-height-default\" data-id=\"665d386\" data-element_type=\"section\" data-settings=\"{&quot;background_background&quot;:&quot;classic&quot;}\">\n\t\t\t\t\t\t<div class=\"elementor-container elementor-column-gap-default\">\n\t\t\t\t\t<div class=\"elementor-column elementor-col-100 elementor-top-column elementor-element elementor-element-f2ebc34\" data-id=\"f2ebc34\" data-element_type=\"column\">\n\t\t\t<div class=\"elementor-widget-wrap elementor-element-populated\">\n\t\t\t\t\t\t<div class=\"elementor-element elementor-element-dfca230 elementor-widget elementor-widget-heading\" data-id=\"dfca230\" data-element_type=\"widget\" data-widget_type=\"heading.default\">\n\t\t\t\t<div class=\"elementor-widget-container\">\n\t\t\t\t\t<h2 class=\"elementor-heading-title elementor-size-default\">Regulamento Interno de Empr\u00e9stimo<\/h2>\t\t\t\t<\/div>\n\t\t\t\t<\/div>\n\t\t\t\t\t<\/div>\n\t\t<\/div>\n\t\t\t\t\t<\/div>\n\t\t<\/section>\n\t\t\t\t<section class=\"elementor-section elementor-top-section elementor-element elementor-element-8114e68 elementor-section-boxed elementor-section-height-default elementor-section-height-default\" data-id=\"8114e68\" data-element_type=\"section\">\n\t\t\t\t\t\t<div class=\"elementor-container elementor-column-gap-default\">\n\t\t\t\t\t<div class=\"elementor-column elementor-col-100 elementor-top-column elementor-element elementor-element-c3e7af7\" data-id=\"c3e7af7\" data-element_type=\"column\">\n\t\t\t<div class=\"elementor-widget-wrap elementor-element-populated\">\n\t\t\t\t\t\t<div class=\"elementor-element elementor-element-f255fd6 elementor-widget elementor-widget-text-editor\" data-id=\"f255fd6\" data-element_type=\"widget\" data-widget_type=\"text-editor.default\">\n\t\t\t\t<div class=\"elementor-widget-container\">\n\t\t\t\t\t\t\t\t\t<p class=\"p1\">A diretoria da Cooperativa de Economia e Cr\u00e9dito M\u00fatuo dos Empregados das Ind\u00fastrias Unilever do Brasil \u2013 Coopercred Unilever, no uso de suas atribui\u00e7\u00f5es estatut\u00e1rias, considerando, a disponibilidade financeira da institui\u00e7\u00e3o, e o atendimento aos objetivos b\u00e1sicos das sociedades cooperativistas.<\/p><p class=\"p1\"><span style=\"font-size: 18pt;\"><b>Objetivo<\/b><\/span><\/p><p class=\"p1\">O regulamento tem como finalidade adequar as solicita\u00e7\u00f5es de empr\u00e9stimos \u00e0 disponibilidade financeira da cooperativa. Visando a satisfa\u00e7\u00e3o das necessidades sociais e de cr\u00e9dito dos associados.<\/p><p class=\"p1\"><span style=\"font-size: 18pt;\"><b>Disposi\u00e7\u00f5es Gerais<\/b><\/span><\/p><p class=\"p1\">S\u00e3o partes integrantes desta norma, as disposi\u00e7\u00f5es legais e estatut\u00e1rias. Os casos n\u00e3o previstos nesta normativa, ser\u00e3o submetidos ao \u00f3rg\u00e3o administrativo para aprecia\u00e7\u00e3o e julgamento.<\/p><p class=\"p1\"><span style=\"font-size: 18pt;\"><b>Modalidades de Linhas de Cr\u00e9dito<\/b><\/span><\/p><p class=\"p1\">As linhas de cr\u00e9dito s\u00e3o os produtos que a cooperativa coloca \u00e0 disposi\u00e7\u00e3o dos associados, para atendimento de suas necessidades.<\/p><p class=\"p1\">Os cr\u00e9ditos em conta banc\u00e1ria dos associados, ocorrer\u00e3o todos os dias de segundas a sextas-feiras, facultando o cr\u00e9dito em outra data.<\/p><p class=\"p1\">Para o c\u00e1lculo do limite de concess\u00e3o dos empr\u00e9stimos e desconto das parcelas, fica adotado o \u201cSal\u00e1rio Refer\u00eancia\u201d \u2013 SR, que corresponde ao valor do sal\u00e1rio nominal acrescido das verbas fixas e do adicional de turno.<\/p><p class=\"p1\">S\u00e3o consideradas modalidades de empr\u00e9stimos, as solicita\u00e7\u00f5es de acordo com as linhas de cr\u00e9dito oferecidas na cooperativa.<\/p>\t\t\t\t\t\t\t\t<\/div>\n\t\t\t\t<\/div>\n\t\t\t\t<div class=\"elementor-element elementor-element-60441f0 elementor-align-center elementor-hidden-desktop elementor-hidden-tablet elementor-hidden-mobile elementor-widget elementor-widget-button\" data-id=\"60441f0\" data-element_type=\"widget\" data-widget_type=\"button.default\">\n\t\t\t\t<div class=\"elementor-widget-container\">\n\t\t\t\t\t\t\t\t\t<div class=\"elementor-button-wrapper\">\n\t\t\t\t\t<a class=\"elementor-button elementor-button-link elementor-size-lg\" href=\"https:\/\/coopercredunilever.com.br\/home\/wp-content\/uploads\/2023\/07\/POLITICA-DE-CONCESSAO-DE-CREDITO-032023-Clicksign-1.pdf\" target=\"_blank\">\n\t\t\t\t\t\t<span class=\"elementor-button-content-wrapper\">\n\t\t\t\t\t\t\t\t\t<span class=\"elementor-button-text\">Ver Pol\u00edtica de Concess\u00e3o de cr\u00e9dito<\/span>\n\t\t\t\t\t<\/span>\n\t\t\t\t\t<\/a>\n\t\t\t\t<\/div>\n\t\t\t\t\t\t\t\t<\/div>\n\t\t\t\t<\/div>\n\t\t\t\t\t<\/div>\n\t\t<\/div>\n\t\t\t\t\t<\/div>\n\t\t<\/section>\n\t\t\t\t<\/div>\n\t\t","protected":false},"excerpt":{"rendered":"<p>Regulamento Interno de Empr\u00e9stimo A diretoria da Cooperativa de Economia e Cr\u00e9dito M\u00fatuo dos Empregados das Ind\u00fastrias Unilever do Brasil \u2013 Coopercred Unilever, no uso de suas atribui\u00e7\u00f5es estatut\u00e1rias, considerando, a disponibilidade financeira da institui\u00e7\u00e3o, e o atendimento aos objetivos b\u00e1sicos das sociedades cooperativistas. Objetivo O regulamento tem como finalidade adequar as solicita\u00e7\u00f5es de empr\u00e9stimos [&hellip;]<\/p>\n","protected":false},"author":1,"featured_media":0,"parent":0,"menu_order":0,"comment_status":"closed","ping_status":"closed","template":"elementor_header_footer","meta":{"footnotes":""},"class_list":["post-920","page","type-page","status-publish","hentry"],"_links":{"self":[{"href":"https:\/\/coopercredunilever.com.br\/home\/wp-json\/wp\/v2\/pages\/920","targetHints":{"allow":["GET"]}}],"collection":[{"href":"https:\/\/coopercredunilever.com.br\/home\/wp-json\/wp\/v2\/pages"}],"about":[{"href":"https:\/\/coopercredunilever.com.br\/home\/wp-json\/wp\/v2\/types\/page"}],"author":[{"embeddable":true,"href":"https:\/\/coopercredunilever.com.br\/home\/wp-json\/wp\/v2\/users\/1"}],"replies":[{"embeddable":true,"href":"https:\/\/coopercredunilever.com.br\/home\/wp-json\/wp\/v2\/comments?post=920"}],"version-history":[{"count":16,"href":"https:\/\/coopercredunilever.com.br\/home\/wp-json\/wp\/v2\/pages\/920\/revisions"}],"predecessor-version":[{"id":5088,"href":"https:\/\/coopercredunilever.com.br\/home\/wp-json\/wp\/v2\/pages\/920\/revisions\/5088"}],"wp:attachment":[{"href":"https:\/\/coopercredunilever.com.br\/home\/wp-json\/wp\/v2\/media?parent=920"}],"curies":[{"name":"wp","href":"https:\/\/api.w.org\/{rel}","templated":true}]}}